{"id":49,"date":"2025-11-07T03:24:13","date_gmt":"2025-11-07T03:24:13","guid":{"rendered":"https:\/\/devs-llc.com\/industries\/"},"modified":"2025-11-07T23:45:32","modified_gmt":"2025-11-07T23:45:32","slug":"industrias","status":"publish","type":"page","link":"https:\/\/devs-llc.com\/es\/industries\/","title":{"rendered":"Industrias"},"content":{"rendered":"<section class=\"wp-block-group alignfull has-background has-primary-background-color gd-section-wrapper has-global-padding is-layout-constrained wp-block-group-is-layout-constrained\"><div class=\"wp-block-group alignfull has-background has-primary-background-color has-global-padding is-layout-constrained wp-block-group-is-layout-constrained\" style=\"padding-top:var(--wp--preset--spacing--40); padding-bottom:var(--wp--preset--spacing--40);\"><div class=\"wp-block-group has-global-padding is-layout-constrained wp-block-group-is-layout-constrained\"><h4 class=\"wp-block-heading has-text-align-center has-text-color has-primary-text-color\" style=\"padding-top:var(--wp--preset--spacing--20); padding-bottom:var(--wp--preset--spacing--20);\">Experiencia en el sector<\/h4><h1 class=\"wp-block-heading has-text-align-center has-text-color has-accent-color\">Soluciones de IA para telecomunicaciones, finanzas y comercio minorista<\/h1><p class=\"has-text-align-center has-primary-text-color has-text-color has-medium-font-size\" style=\"padding-bottom:var(--wp--preset--spacing--40);\">Impulsamos la transformaci\u00f3n digital en sectores cr\u00edticos con soluciones tecnol\u00f3gicas y de automatizaci\u00f3n a medida.<\/p><div class=\"wp-block-buttons is-content-justification-center is-layout-flex wp-container-core-buttons-is-layout-766bf85b wp-block-buttons-is-layout-flex\"><div class=\"wp-block-button is-style-fill\"><a class=\"wp-block-button__link wp-element-button has-text-color has-accent-text-color has-background has-accent-background-color\" href=\"https:\/\/devs-llc.com\/es\/soluciones\/\">Ver soluciones<\/a><\/div><div class=\"wp-block-button is-style-outline is-style-outline--1\"><a class=\"wp-block-button__link wp-element-button has-text-color has-accent-color has-background has-accent-text-background-color\" href=\"https:\/\/devs-llc.com\/es\/contacto\/\">Contacte con nuestros expertos<\/a><\/div><\/div><\/div><div class=\"wp-block-group is-content-justification-center is-nowrap is-layout-flex wp-container-core-group-is-layout-ccdb4641 wp-block-group-is-layout-flex\" style=\"padding-top:var(--wp--preset--spacing--50);\"><figure class=\"wp-block-image is-style-rounded is-style-rounded--2\"><img decoding=\"async\" src=\"https:\/\/devs-llc.com\/wp-content\/uploads\/2025\/11\/1979289147.jpg\" alt=\"Imagen principal\"><\/figure><\/div><\/div><\/section>\n<section class=\"wp-block-group alignfull gd-section-wrapper has-global-padding is-layout-constrained wp-block-group-is-layout-constrained\"><div class=\"wp-block-group alignwide is-layout-flow wp-block-group-is-layout-flow\" style=\"padding-top:var(--wp--preset--spacing--70); padding-bottom:var(--wp--preset--spacing--70);\"><h5 class=\"wp-block-heading has-text-align-center has-text-color has-accent-color\">Transformaci\u00f3n digital espec\u00edfica del sector<\/h5><h2 class=\"wp-block-heading has-text-align-center\">Soluciones de IA y tecnolog\u00eda a medida para telecomunicaciones, finanzas y comercio minorista<\/h2><p class=\"has-text-align-center\" style=\"padding-bottom:var(--wp--preset--spacing--50);\">Cada sector se enfrenta a barreras \u00fanicas en su camino hacia la transformaci\u00f3n digital. En DEVS LLC, aprovechamos la IA avanzada, la automatizaci\u00f3n y la inteligencia empresarial para abordar las necesidades espec\u00edficas de las organizaciones de telecomunicaciones, servicios financieros y comercio minorista, ofreciendo resultados tangibles y operaciones preparadas para el futuro.<\/p><div class=\"wp-block-group is-layout-grid wp-container-core-group-is-layout-f82281af wp-block-group-is-layout-grid\" style=\"margin-top:var(--wp--preset--spacing--10); margin-bottom:var(--wp--preset--spacing--50);\"><figure class=\"wp-block-image has-custom-border image-radius is-resized size-large\"><img decoding=\"async\" src=\"https:\/\/devs-llc.com\/wp-content\/uploads\/2025\/11\/2219007409-1.jpg\" alt=\"Imagen destacada 0\" style=\"border-radius:10px; box-shadow:var(--wp--preset--shadow--natural);object-fit:cover;width:100%;aspect-ratio:1;\"><\/figure><div class=\"wp-block-group is-vertical is-content-justification-left is-layout-flex wp-container-core-group-is-layout-64a21cad wp-block-group-is-layout-flex\" style=\"padding-top:var(--wp--preset--spacing--40); padding-bottom:var(--wp--preset--spacing--40); padding-left:var(--wp--preset--spacing--30); padding-right:var(--wp--preset--spacing--30);\"><h3 class=\"wp-block-heading has-text-align-left\">Telecomunicaciones: Operaciones de red optimizadas<\/h3><p class=\"has-text-align-left\" style=\"padding-bottom:var(--wp--preset--spacing--30);\">Optimice la gesti\u00f3n de la red y la experiencia del cliente con automatizaci\u00f3n impulsada por IA, an\u00e1lisis predictivo y monitorizaci\u00f3n en tiempo real adaptada a los proveedores de telecomunicaciones.<\/p><p class=\"has-medium-font-size\" style=\"padding-bottom:var(--wp--preset--spacing--20);\">\u2713 Reduzca los costes operativos mediante la automatizaci\u00f3n<\/p><p class=\"has-medium-font-size\" style=\"padding-bottom:var(--wp--preset--spacing--20);\">\u2713 Mejora la fiabilidad de la red con an\u00e1lisis predictivos<\/p><p class=\"has-medium-font-size\" style=\"padding-bottom:var(--wp--preset--spacing--20);\">\u2713 Acelerar la prestaci\u00f3n de servicios y la atenci\u00f3n al cliente<\/p><\/div><\/div><div class=\"wp-block-group is-layout-grid wp-container-core-group-is-layout-f82281af wp-block-group-is-layout-grid\" style=\"margin-top:var(--wp--preset--spacing--10); margin-bottom:var(--wp--preset--spacing--50);\"><div class=\"wp-block-group is-vertical is-content-justification-left is-layout-flex wp-container-core-group-is-layout-64a21cad wp-block-group-is-layout-flex\" style=\"padding-top:var(--wp--preset--spacing--40); padding-bottom:var(--wp--preset--spacing--40); padding-left:var(--wp--preset--spacing--30); padding-right:var(--wp--preset--spacing--30);\"><h3 class=\"wp-block-heading has-text-align-left\">Servicios financieros: Inteligencia segura y automatizada<\/h3><p class=\"has-text-align-left\" style=\"padding-bottom:var(--wp--preset--spacing--30);\">Ofrecer servicios financieros seguros y sin interrupciones utilizando inteligencia artificial avanzada, marcos de ciberseguridad robustos y soluciones de cumplimiento automatizadas dise\u00f1adas para la banca y los seguros.<\/p><p class=\"has-medium-font-size\" style=\"padding-bottom:var(--wp--preset--spacing--20);\">\u2713 Mitigue los riesgos financieros con la detecci\u00f3n de fraude en tiempo real<\/p><p class=\"has-medium-font-size\" style=\"padding-bottom:var(--wp--preset--spacing--20);\">\u2713 Garantizar el cumplimiento normativo autom\u00e1ticamente<\/p><p class=\"has-medium-font-size\" style=\"padding-bottom:var(--wp--preset--spacing--20);\">\u2713 Agiliza los pr\u00e9stamos y la incorporaci\u00f3n de clientes mediante la automatizaci\u00f3n.<\/p><\/div><figure class=\"wp-block-image has-custom-border image-radius is-resized size-large\"><img decoding=\"async\" src=\"https:\/\/devs-llc.com\/wp-content\/uploads\/2025\/11\/2197955227.jpg\" alt=\"Imagen destacada 1\" style=\"border-radius:10px; box-shadow:var(--wp--preset--shadow--natural);object-fit:cover;width:100%;aspect-ratio:1;\"><\/figure><\/div><div class=\"wp-block-group is-layout-grid wp-container-core-group-is-layout-f82281af wp-block-group-is-layout-grid\" style=\"margin-top:var(--wp--preset--spacing--10); margin-bottom:var(--wp--preset--spacing--50);\"><figure class=\"wp-block-image has-custom-border image-radius is-resized size-large\"><img decoding=\"async\" src=\"https:\/\/devs-llc.com\/wp-content\/uploads\/2025\/11\/2183527077.jpg\" alt=\"Imagen de la caracter\u00edstica 2\" style=\"border-radius:10px; box-shadow:var(--wp--preset--shadow--natural);object-fit:cover;width:100%;aspect-ratio:1;\"><\/figure><div class=\"wp-block-group is-vertical is-content-justification-left is-layout-flex wp-container-core-group-is-layout-64a21cad wp-block-group-is-layout-flex\" style=\"padding-top:var(--wp--preset--spacing--40); padding-bottom:var(--wp--preset--spacing--40); padding-left:var(--wp--preset--spacing--30); padding-right:var(--wp--preset--spacing--30);\"><h3 class=\"wp-block-heading has-text-align-left\">Comercio minorista: interacci\u00f3n omnicanal inteligente<\/h3><p class=\"has-text-align-left\" style=\"padding-bottom:var(--wp--preset--spacing--30);\">Reinventa la experiencia de compra con plataformas omnicanal integradas, marketing personalizado e informaci\u00f3n basada en datos para impulsar la participaci\u00f3n y las ventas.<\/p><p class=\"has-medium-font-size\" style=\"padding-bottom:var(--wp--preset--spacing--20);\">\u2713 Aumenta las ventas con campa\u00f1as segmentadas impulsadas por IA<\/p><p class=\"has-medium-font-size\" style=\"padding-bottom:var(--wp--preset--spacing--20);\">\u2713 Unificar la experiencia del cliente en todos los puntos de contacto<\/p><p class=\"has-medium-font-size\" style=\"padding-bottom:var(--wp--preset--spacing--20);\">\u2713 Obtenga informaci\u00f3n pr\u00e1ctica a partir de an\u00e1lisis en tiempo real<\/p><\/div><\/div><\/div><\/section>\n<section class=\"wp-block-group alignfull has-background has-primary-background-color gd-section-wrapper has-global-padding is-layout-constrained wp-block-group-is-layout-constrained\"><div class=\"wp-block-group alignfull has-background has-primary-background-color has-global-padding is-layout-constrained wp-block-group-is-layout-constrained\" style=\"padding-top:var(--wp--preset--spacing--50); padding-bottom:var(--wp--preset--spacing--50);\"><div class=\"wp-block-group alignwide has-background has-primary-background-color is-layout-flow wp-block-group-is-layout-flow\" style=\"padding-bottom:var(--wp--preset--spacing--50);\"><h2 class=\"wp-block-heading has-text-align-center\">Nuestros servicios especializados de IA y tecnolog\u00eda<\/h2><\/div><div class=\"wp-block-group alignwide is-content-justification-center is-layout-flex wp-container-core-group-is-layout-a89b3969 wp-block-group-is-layout-flex\"><div class=\"wp-block-columns alignwide is-layout-flex wp-container-core-columns-is-layout-f252f9fa wp-block-columns-is-layout-flex\"><div class=\"wp-block-column is-layout-flow wp-block-column-is-layout-flow\" style=\"flex-basis:33.33%;\"><figure class=\"wp-block-image is-resized size-large\"><img decoding=\"async\" src=\"https:\/\/devs-llc.com\/wp-content\/uploads\/2025\/11\/2214693134.jpg\" alt=\"Imagen de servicios\" style=\"box-shadow:var(--wp--preset--shadow--deep);object-fit:cover;width:auto;aspect-ratio:2\/3;\"><\/figure><\/div><div class=\"wp-block-column is-vertically-aligned-center is-layout-flow wp-container-core-column-is-layout-22223934 wp-block-column-is-layout-flow\" style=\"flex-basis:66.66%;\"><h3 class=\"wp-block-heading has-text-color has-accent-text-color\">Soluciones de IA para telecomunicaciones<\/h3><p class=\"has-primary-text-color has-text-color\">Automatice las operaciones, optimice el rendimiento de la red y mejore la experiencia del cliente con IA escalable adaptada a los desaf\u00edos de las telecomunicaciones.<\/p><h3 class=\"wp-block-heading has-text-color has-accent-text-color\">Tecnolog\u00eda de servicios financieros<\/h3><p class=\"has-primary-text-color has-text-color\">Plataformas seguras, conformes e inteligentes para banca, seguros y tecnolog\u00eda financiera: impulsan la eficiencia y la confianza regulatoria.<\/p><h3 class=\"wp-block-heading has-text-color has-accent-text-color\">Transformaci\u00f3n digital del comercio minorista<\/h3><p class=\"has-primary-text-color has-text-color\">Aproveche la automatizaci\u00f3n, la interacci\u00f3n omnicanal y el an\u00e1lisis avanzado para impulsar el crecimiento minorista y la agilidad operativa.<\/p><\/div><\/div><\/div><\/div><\/section>\n<section class=\"wp-block-group alignfull gd-section-wrapper has-global-padding is-layout-constrained wp-block-group-is-layout-constrained\"><div class=\"wp-block-group alignwide is-layout-flow wp-block-group-is-layout-flow\"><h2 class=\"wp-block-heading has-text-align-center\">Alianzas con la industria y apoyo continuo<\/h2><p>En DEVS LLC, formamos alianzas estrat\u00e9gicas con clientes de los sectores de telecomunicaciones, servicios financieros y comercio minorista para abordar los desaf\u00edos espec\u00edficos de cada sector con precisi\u00f3n y experiencia.<\/p><div style=\"height:3rem\" aria-hidden=\"true\" class=\"wp-block-spacer\"><\/div><p>Nuestro enfoque de consultor\u00eda comienza por comprender las necesidades espec\u00edficas de cada industria, lo que nos permite dise\u00f1ar e implementar soluciones personalizadas de IA, automatizaci\u00f3n y transformaci\u00f3n digital que impulsan la excelencia operativa.<\/p><div style=\"height:3rem\" aria-hidden=\"true\" class=\"wp-block-spacer\"><\/div><p>Estamos comprometidos con el \u00e9xito a largo plazo, brindando apoyo continuo y optimizaci\u00f3n constante para asegurar que nuestros clientes se mantengan a la vanguardia en mercados en constante evoluci\u00f3n. Nuestros equipos especializados ofrecen respuesta r\u00e1pida, monitoreo proactivo y asesoramiento experto en cada etapa de la colaboraci\u00f3n.<\/p><div style=\"height:3rem\" aria-hidden=\"true\" class=\"wp-block-spacer\"><\/div><\/div><\/section>\n<section class=\"wp-block-group alignfull has-background has-accent-background-color gd-section-wrapper has-global-padding is-layout-constrained wp-block-group-is-layout-constrained\"><div class=\"wp-block-group alignfull has-background has-accent-background-color has-global-padding is-layout-constrained wp-container-core-group-is-layout-a47ab161 wp-block-group-is-layout-constrained\" style=\"padding-top:var(--wp--preset--spacing--60); padding-bottom:var(--wp--preset--spacing--60); padding-left:var(--wp--preset--spacing--50); padding-right:var(--wp--preset--spacing--50);\"><div class=\"wp-block-columns is-layout-flex wp-container-core-columns-is-layout-d937c506 wp-block-columns-is-layout-flex\"><div class=\"wp-block-column is-vertically-aligned-center is-layout-flow wp-block-column-is-layout-flow\" style=\"flex-basis:70%;\"><div class=\"wp-block-group has-global-padding is-layout-constrained wp-block-group-is-layout-constrained\"><h2 class=\"wp-block-heading has-text-color has-accent-text-color\">Colabora con los innovadores de la industria.<\/h2><p class=\"has-accent-text-color has-text-color\" style=\"padding-bottom:var(--wp--preset--spacing--40);\">Libere todo el potencial de su empresa con soluciones de IA y tecnolog\u00eda a medida. Solicite una consulta para descubrir c\u00f3mo DEVS LLC puede acelerar la transformaci\u00f3n digital, aumentar la eficiencia y ofrecer resultados tangibles en telecomunicaciones, finanzas o comercio minorista.<\/p><\/div><\/div><div class=\"wp-block-column is-vertically-aligned-center is-layout-flow wp-block-column-is-layout-flow\" style=\"padding-top:var(--wp--preset--spacing--40); padding-bottom:var(--wp--preset--spacing--40); padding-left:var(--wp--preset--spacing--40); padding-right:var(--wp--preset--spacing--40);flex-basis:30%;\"><div class=\"wp-block-buttons is-content-justification-right is-layout-flex wp-container-core-buttons-is-layout-e12cadf4 wp-block-buttons-is-layout-flex\"><div class=\"wp-block-button is-style-fill\"><a class=\"wp-block-button__link wp-element-button has-text-color has-primary-text-color has-background has-primary-background-color\" href=\"https:\/\/devs-llc.com\/es\/contacto\/\">Solicitar una consulta<\/a><\/div><\/div><\/div><\/div><\/div><\/section>","protected":false},"excerpt":{"rendered":"<p>Industry Expertise AI Solutions for Telecom, Finance &#038; Retail Empowering digital transformation across critical sectors with tailored technology and automation solutions. Industry-Specific Digital Transformation Tailored AI and Technology Solutions for Telecommunications, Finance, and Retail Each industry faces unique barriers on the path to digital transformation. At DEVS LLC, we leverage advanced AI, automation, and business [&hellip;]<\/p>\n","protected":false},"author":1,"featured_media":0,"parent":0,"menu_order":0,"comment_status":"closed","ping_status":"closed","template":"","meta":{"_coblocks_attr":"","_coblocks_dimensions":"","_coblocks_responsive_height":"","_coblocks_accordion_ie_support":"","footnotes":""},"class_list":["post-49","page","type-page","status-publish","hentry"],"_links":{"self":[{"href":"https:\/\/devs-llc.com\/es\/wp-json\/wp\/v2\/pages\/49","targetHints":{"allow":["GET"]}}],"collection":[{"href":"https:\/\/devs-llc.com\/es\/wp-json\/wp\/v2\/pages"}],"about":[{"href":"https:\/\/devs-llc.com\/es\/wp-json\/wp\/v2\/types\/page"}],"author":[{"embeddable":true,"href":"https:\/\/devs-llc.com\/es\/wp-json\/wp\/v2\/users\/1"}],"replies":[{"embeddable":true,"href":"https:\/\/devs-llc.com\/es\/wp-json\/wp\/v2\/comments?post=49"}],"version-history":[{"count":1,"href":"https:\/\/devs-llc.com\/es\/wp-json\/wp\/v2\/pages\/49\/revisions"}],"predecessor-version":[{"id":59,"href":"https:\/\/devs-llc.com\/es\/wp-json\/wp\/v2\/pages\/49\/revisions\/59"}],"wp:attachment":[{"href":"https:\/\/devs-llc.com\/es\/wp-json\/wp\/v2\/media?parent=49"}],"curies":[{"name":"wp","href":"https:\/\/api.w.org\/{rel}","templated":true}]}}