{"id":50,"date":"2025-11-07T03:24:13","date_gmt":"2025-11-07T03:24:13","guid":{"rendered":"https:\/\/devs-llc.com\/success-stories\/"},"modified":"2025-11-11T02:25:02","modified_gmt":"2025-11-11T02:25:02","slug":"casos-de-exito","status":"publish","type":"page","link":"https:\/\/devs-llc.com\/es\/success-stories\/","title":{"rendered":"Casos de \u00e9xito"},"content":{"rendered":"<section class=\"wp-block-group alignfull gd-section-wrapper has-primary-background-color has-background has-global-padding is-layout-constrained wp-block-group-is-layout-constrained\">\n<div class=\"wp-block-group alignfull has-global-padding has-primary-background-color has-background is-layout-constrained wp-block-group-is-layout-constrained\" style=\"padding-top:var(--wp--preset--spacing--40);padding-bottom:var(--wp--preset--spacing--40)\">\n<div class=\"wp-block-group has-global-padding is-layout-constrained wp-block-group-is-layout-constrained\">\n<h4 class=\"wp-block-heading has-text-align-center has-primary-text-color has-text-color has-medium-font-size\" style=\"padding-top:var(--wp--preset--spacing--20);padding-bottom:var(--wp--preset--spacing--20)\">Resultados comprobados<\/h4>\n\n\n\n<h1 class=\"wp-block-heading has-text-align-center has-accent-color has-text-color\">Generando impacto a trav\u00e9s de la innovaci\u00f3n<\/h1>\n\n\n\n<p class=\"has-text-align-center has-primary-text-color has-text-color has-medium-font-size\" style=\"padding-bottom:var(--wp--preset--spacing--40)\">Descubra c\u00f3mo las soluciones de IA y tecnolog\u00eda de DEVS LLC permiten a las principales organizaciones de telecomunicaciones, finanzas y comercio minorista alcanzar un \u00e9xito cuantificable y la excelencia operativa.<\/p>\n\n\n\n<div class=\"wp-block-buttons is-content-justification-center is-layout-flex wp-container-core-buttons-is-layout-766bf85b wp-block-buttons-is-layout-flex\">\n<div class=\"wp-block-button is-style-fill\"><a class=\"wp-block-button__link has-accent-text-color has-accent-background-color has-text-color has-background wp-element-button\" href=\"https:\/\/devs-llc.com\/es\/soluciones\/\">Explore nuestras soluciones<\/a><\/div>\n\n\n\n<div class=\"wp-block-button is-style-outline is-style-outline--1\"><a class=\"wp-block-button__link has-accent-color has-accent-text-background-color has-text-color has-background wp-element-button\" href=\"https:\/\/devs-llc.com\/es\/contacto\/\">Contacte con nuestros expertos<\/a><\/div>\n<\/div>\n<\/div>\n\n\n\n<div class=\"wp-block-group is-content-justification-center is-nowrap is-layout-flex wp-container-core-group-is-layout-ccdb4641 wp-block-group-is-layout-flex\" style=\"padding-top:var(--wp--preset--spacing--50)\">\n<figure class=\"wp-block-image is-style-rounded is-style-rounded--2\"><img decoding=\"async\" src=\"https:\/\/devs-llc.com\/wp-content\/uploads\/2025\/11\/2197955227.jpg\" alt=\"Imagen principal\"\/><\/figure>\n<\/div>\n<\/div>\n<\/section>\n\n\n\n<section class=\"wp-block-group alignfull gd-section-wrapper has-global-padding is-layout-constrained wp-block-group-is-layout-constrained\">\n<div class=\"wp-block-group alignfull has-primary-background-color has-background has-global-padding is-layout-constrained wp-container-core-group-is-layout-159a5f82 wp-block-group-is-layout-constrained\" style=\"margin-top:var(--wp--preset--spacing--0);margin-bottom:var(--wp--preset--spacing--0);padding-top:var(--wp--preset--spacing--60);padding-right:var(--wp--preset--spacing--30);padding-bottom:var(--wp--preset--spacing--60);padding-left:var(--wp--preset--spacing--30)\">\n<div class=\"wp-block-group alignwide is-vertical is-layout-flex wp-container-core-group-is-layout-2a2a7e69 wp-block-group-is-layout-flex\" style=\"margin-bottom:var(--wp--preset--spacing--20)\">\n<div class=\"wp-block-group has-global-padding is-layout-constrained wp-block-group-is-layout-constrained\">\n<h2 class=\"wp-block-heading\">Portafolio de historias de \u00e9xito<\/h2>\n\n\n\n<p style=\"margin-top:var(--wp--preset--spacing--20)\">Descubra nuestra trayectoria comprobada en la transformaci\u00f3n digital mediante IA en los sectores de telecomunicaciones, finanzas y comercio minorista. Cada caso de \u00e9xito destaca los retos afrontados, las soluciones a medida implementadas por DEVS LLC y las mejoras tangibles logradas para nuestros clientes.<\/p>\n<\/div>\n<\/div>\n\n\n\n<div class=\"wp-block-columns alignwide is-layout-flex wp-container-core-columns-is-layout-7fc3d43a wp-block-columns-is-layout-flex\">\n<div class=\"wp-block-column is-layout-flow wp-block-column-is-layout-flow\">\n<div class=\"wp-block-cover alignfull has-custom-content-position is-position-bottom-left\" style=\"padding-top:var(--wp--preset--spacing--40);padding-right:var(--wp--preset--spacing--30);padding-bottom:var(--wp--preset--spacing--40);padding-left:var(--wp--preset--spacing--30);min-height:40vh;aspect-ratio:unset;\"><img decoding=\"async\" class=\"wp-block-cover__image-background\" alt=\"Optimizaci\u00f3n de redes de telecomunicaciones impulsada por IA\" src=\"https:\/\/devs-llc.com\/wp-content\/uploads\/2025\/11\/2214693134.jpg\" data-object-fit=\"cover\"\/><span aria-hidden=\"true\" class=\"wp-block-cover__background has-secondary-background-color has-background-dim-70 has-background-dim\"><\/span><div class=\"wp-block-cover__inner-container is-layout-flow wp-block-cover-is-layout-flow\">\n<div class=\"wp-block-group has-global-padding is-layout-constrained wp-block-group-is-layout-constrained\">\n<h3 class=\"wp-block-heading has-accent-color has-text-color\">Optimizaci\u00f3n de redes de telecomunicaciones impulsada por IA<\/h3>\n<\/div>\n<\/div><\/div>\n<\/div>\n\n\n\n<div class=\"wp-block-column is-layout-flow wp-block-column-is-layout-flow\">\n<div class=\"wp-block-cover alignfull has-custom-content-position is-position-bottom-left\" style=\"padding-top:var(--wp--preset--spacing--40);padding-right:var(--wp--preset--spacing--30);padding-bottom:var(--wp--preset--spacing--40);padding-left:var(--wp--preset--spacing--30);min-height:40vh;aspect-ratio:unset;\"><img decoding=\"async\" class=\"wp-block-cover__image-background\" alt=\"Aprendizaje autom\u00e1tico para la gesti\u00f3n del riesgo financiero\" src=\"https:\/\/devs-llc.com\/wp-content\/uploads\/2025\/11\/2166551077.jpg\" data-object-fit=\"cover\"\/><span aria-hidden=\"true\" class=\"wp-block-cover__background has-secondary-background-color has-background-dim-70 has-background-dim\"><\/span><div class=\"wp-block-cover__inner-container is-layout-flow wp-block-cover-is-layout-flow\">\n<div class=\"wp-block-group has-global-padding is-layout-constrained wp-block-group-is-layout-constrained\">\n<h3 class=\"wp-block-heading has-accent-color has-text-color\">Aprendizaje autom\u00e1tico para la gesti\u00f3n del riesgo financiero<\/h3>\n<\/div>\n<\/div><\/div>\n<\/div>\n<\/div>\n\n\n\n<div class=\"wp-block-columns alignwide is-layout-flex wp-container-core-columns-is-layout-7fc3d43a wp-block-columns-is-layout-flex\">\n<div class=\"wp-block-column is-layout-flow wp-block-column-is-layout-flow\">\n<div class=\"wp-block-cover alignfull has-custom-content-position is-position-bottom-left\"><img decoding=\"async\" class=\"wp-block-cover__image-background\" src=\"https:\/\/devs-llc.com\/wp-content\/uploads\/2025\/11\/1979289147.jpg\" alt=\"An\u00e1lisis de datos minoristas para una mejor interacci\u00f3n con el cliente\" data-object-fit=\"cover\" \/>\n<div class=\"wp-block-cover__inner-container\">\u00a0<\/div>\n<\/div>\n<\/div>\n\n\n\n<div class=\"wp-block-column is-layout-flow wp-block-column-is-layout-flow\">\n<div class=\"wp-block-cover alignfull has-custom-content-position is-position-bottom-left\"><img decoding=\"async\" class=\"wp-block-cover__image-background\" src=\"https:\/\/devs-llc.com\/wp-content\/uploads\/2025\/11\/2200550660.jpg\" alt=\"Automatizaci\u00f3n de microcr\u00e9ditos Fintech\" data-object-fit=\"cover\" \/>\n<div class=\"wp-block-cover__inner-container\">\u00a0<\/div>\n<\/div>\n<\/div>\n<\/div>\n<\/div>\n<\/section>\n\n\n\n<section class=\"wp-block-group alignfull gd-section-wrapper has-global-padding is-layout-constrained wp-block-group-is-layout-constrained\">\n<section class=\"wp-block-group alignwide is-layout-flow wp-block-group-is-layout-flow\">\n<h2 class=\"wp-block-heading has-text-align-center\">Lo que dicen nuestros clientes<\/h2>\n\n\n\n<p class=\"has-text-align-center\">Casos de \u00e9xito reales de organizaciones l\u00edderes en telecomunicaciones, finanzas y comercio minorista.<\/p>\n\n\n\n<div style=\"height:2rem\" aria-hidden=\"true\" class=\"wp-block-spacer\"><\/div>\n\n\n\n<hr class=\"wp-block-separator has-css-opacity is-style-wide\"\/>\n\n\n\n<div style=\"height:5rem\" aria-hidden=\"true\" class=\"wp-block-spacer\"><\/div>\n\n\n\n<div class=\"wp-block-group is-layout-grid wp-container-core-group-is-layout-389566b2 wp-block-group-is-layout-grid\">\n<div class=\"wp-block-group has-border-color has-accent-border-color has-accent-text-color has-accent-background-color has-text-color has-background is-vertical is-content-justification-center is-layout-flex wp-container-core-group-is-layout-5852aad3 wp-block-group-is-layout-flex\" style=\"border-style:solid;border-width:1px;border-radius:50px;padding-top:var(--wp--preset--spacing--30);padding-right:var(--wp--preset--spacing--50);padding-bottom:var(--wp--preset--spacing--30);padding-left:var(--wp--preset--spacing--50)\">\n<p class=\"has-medium-font-size\"><em>DEVS LLC nos proporcion\u00f3 soluciones de IA excepcionales, que nos permitieron automatizar procesos clave y mejorar la eficiencia operativa. Su experiencia en tecnolog\u00eda de telecomunicaciones fue fundamental para nuestra transformaci\u00f3n digital.<\/em><\/p>\n\n\n\n<div class=\"wp-block-group is-layout-flow wp-block-group-is-layout-flow\">\n<figure class=\"wp-block-image is-resized is-circle-image\"><img decoding=\"async\" src=\"https:\/\/devs-llc.com\/wp-content\/uploads\/2025\/11\/1441881970.jpg\" alt=\"Imagen testimonial\" style=\"aspect-ratio:1;object-fit:cover;width:80px\"\/><\/figure>\n\n\n\n<div style=\"height:0.3rem\" aria-hidden=\"true\" class=\"wp-block-spacer\"><\/div>\n\n\n\n<p>Sophia Turner, directora de tecnolog\u00eda de GlobalTel Communications<\/p>\n<\/div>\n<\/div>\n\n\n\n<div class=\"wp-block-group has-border-color has-accent-border-color has-accent-text-color has-accent-background-color has-text-color has-background is-vertical is-content-justification-center is-layout-flex wp-container-core-group-is-layout-5852aad3 wp-block-group-is-layout-flex\" style=\"border-style:solid;border-width:1px;border-radius:50px;padding-top:var(--wp--preset--spacing--30);padding-right:var(--wp--preset--spacing--50);padding-bottom:var(--wp--preset--spacing--30);padding-left:var(--wp--preset--spacing--50)\">\n<p class=\"has-medium-font-size\"><em>Los modelos de aprendizaje autom\u00e1tico desarrollados por DEVS LLC transformaron nuestros procesos de evaluaci\u00f3n de riesgos, reduciendo significativamente el fraude y mejorando la confianza de los clientes. Su equipo ofrece resultados.<\/em><\/p>\n\n\n\n<div class=\"wp-block-group is-layout-flow wp-block-group-is-layout-flow\">\n<figure class=\"wp-block-image is-resized is-circle-image\"><img decoding=\"async\" src=\"https:\/\/devs-llc.com\/wp-content\/uploads\/2025\/11\/2183747186.jpg\" alt=\"Imagen testimonial\" style=\"aspect-ratio:1;object-fit:cover;width:80px\"\/><\/figure>\n\n\n\n<div style=\"height:0.3rem\" aria-hidden=\"true\" class=\"wp-block-spacer\"><\/div>\n\n\n\n<p>Davida Patel, directora de Innovaci\u00f3n, FirstSecure Bank<\/p>\n<\/div>\n<\/div>\n\n\n\n<div class=\"wp-block-group has-border-color has-accent-border-color has-accent-text-color has-accent-background-color has-text-color has-background is-vertical is-content-justification-center is-layout-flex wp-container-core-group-is-layout-5852aad3 wp-block-group-is-layout-flex\" style=\"border-style:solid;border-width:1px;border-radius:50px;padding-top:var(--wp--preset--spacing--30);padding-right:var(--wp--preset--spacing--50);padding-bottom:var(--wp--preset--spacing--30);padding-left:var(--wp--preset--spacing--50)\">\n<p class=\"has-medium-font-size\"><em>La alianza con DEVS LLC revolucion\u00f3 nuestro an\u00e1lisis de datos de ventas minoristas. Sus herramientas de inteligencia empresarial nos brindaron informaci\u00f3n m\u00e1s detallada sobre el comportamiento del cliente, lo que impuls\u00f3 el aumento de las ventas y la fidelizaci\u00f3n.<\/em><\/p>\n\n\n\n<div class=\"wp-block-group is-layout-flow wp-block-group-is-layout-flow\">\n<figure class=\"wp-block-image is-resized is-circle-image\"><img decoding=\"async\" src=\"https:\/\/devs-llc.com\/wp-content\/uploads\/2025\/11\/1299077582.jpg\" alt=\"Imagen testimonial\" style=\"aspect-ratio:1;object-fit:cover;width:80px\"\/><\/figure>\n\n\n\n<div style=\"height:0.3rem\" aria-hidden=\"true\" class=\"wp-block-spacer\"><\/div>\n\n\n\n<p>Emily Chen, directora de operaciones de UrbanStyle Retail<\/p>\n<\/div>\n<\/div>\n<\/div>\n<\/section>\n<\/section>\n\n\n\n<section class=\"wp-block-group alignfull gd-section-wrapper has-global-padding is-layout-constrained wp-block-group-is-layout-constrained\">\n<div class=\"wp-block-group alignfull has-global-padding is-layout-constrained wp-container-core-group-is-layout-94e519ba wp-block-group-is-layout-constrained\" style=\"padding-top:var(--wp--preset--spacing--80);padding-right:var(--wp--preset--spacing--40);padding-bottom:var(--wp--preset--spacing--80);padding-left:var(--wp--preset--spacing--40)\">\n<p class=\"has-text-align-center\">Transformando las industrias con tecnolog\u00eda inteligente<\/p>\n\n\n\n<h1 class=\"wp-block-heading has-text-align-center\">Caracter\u00edsticas clave de nuestro \u00e9xito<\/h1>\n\n\n\n<div style=\"height:20px\" aria-hidden=\"true\" class=\"wp-block-spacer\"><\/div>\n\n\n\n<p class=\"has-text-align-center\">Soluciones innovadoras que impulsan resultados reales<\/p>\n\n\n\n<div style=\"height:40px\" aria-hidden=\"true\" class=\"wp-block-spacer\"><\/div>\n\n\n\n<div class=\"wp-block-columns alignwide is-layout-flex wp-container-core-columns-is-layout-28f84493 wp-block-columns-is-layout-flex\">\n<div class=\"wp-block-column is-layout-flow wp-block-column-is-layout-flow\">\n<figure class=\"wp-block-image is-resized\" style=\"margin-bottom:var(--wp--preset--spacing--40)\"><img decoding=\"async\" src=\"https:\/\/devs-llc.com\/wp-content\/uploads\/2025\/11\/2236865789.jpg\" alt=\"Imagen destacada 0\" style=\"aspect-ratio:4\/3;object-fit:cover;width:auto\"\/><\/figure>\n\n\n\n<p class=\"has-text-align-center\">Eficiencia a trav\u00e9s de la inteligencia<\/p>\n\n\n\n<h2 class=\"wp-block-heading has-text-align-center\">Automatizaci\u00f3n basada en IA<\/h2>\n\n\n\n<p class=\"has-text-align-center\" style=\"margin-bottom:var(--wp--preset--spacing--40)\">Optimice las operaciones y mejore la productividad con la automatizaci\u00f3n inteligente adaptada a su sector.<\/p>\n\n\n\n<div class=\"wp-block-buttons is-content-justification-center is-layout-flex wp-container-core-buttons-is-layout-a89b3969 wp-block-buttons-is-layout-flex\">\n<div class=\"wp-block-button is-style-fill\"><a class=\"wp-block-button__link wp-element-button\" href=\"https:\/\/devs-llc.com\/es\/soluciones\/\">Explorar soluciones<\/a><\/div>\n<\/div>\n<\/div>\n\n\n\n<div class=\"wp-block-column is-layout-flow wp-block-column-is-layout-flow\">\n<figure class=\"wp-block-image is-resized\" style=\"margin-bottom:var(--wp--preset--spacing--40)\"><img decoding=\"async\" src=\"https:\/\/devs-llc.com\/wp-content\/uploads\/2025\/11\/1952157610.jpg\" alt=\"Imagen destacada 1\" style=\"aspect-ratio:4\/3;object-fit:cover;width:auto\"\/><\/figure>\n\n\n\n<p class=\"has-text-align-center\">Protegiendo tus activos digitales<\/p>\n\n\n\n<h2 class=\"wp-block-heading has-text-align-center\">Seguridad de datos avanzada<\/h2>\n\n\n\n<p class=\"has-text-align-center\" style=\"margin-bottom:var(--wp--preset--spacing--40)\">Proteja su informaci\u00f3n confidencial con marcos de seguridad robustos de nivel empresarial.<\/p>\n\n\n\n<div class=\"wp-block-buttons is-content-justification-center is-layout-flex wp-container-core-buttons-is-layout-a89b3969 wp-block-buttons-is-layout-flex\">\n<div class=\"wp-block-button is-style-fill\"><a class=\"wp-block-button__link wp-element-button\" href=\"https:\/\/devs-llc.com\/es\/contacto\/\">Contacte con nuestros expertos<\/a><\/div>\n<\/div>\n<\/div>\n\n\n\n<div class=\"wp-block-column is-layout-flow wp-block-column-is-layout-flow\">\n<figure class=\"wp-block-image is-resized\" style=\"margin-bottom:var(--wp--preset--spacing--40)\"><img decoding=\"async\" src=\"https:\/\/devs-llc.com\/wp-content\/uploads\/2025\/11\/2231312783.jpg\" alt=\"Imagen de la caracter\u00edstica 2\" style=\"aspect-ratio:4\/3;object-fit:cover;width:auto\"\/><\/figure>\n\n\n\n<p class=\"has-text-align-center\">Interacciones unificadas, experiencia superior<\/p>\n\n\n\n<h2 class=\"wp-block-heading has-text-align-center\">Interacci\u00f3n omnicanal con el cliente<\/h2>\n\n\n\n<p class=\"has-text-align-center\" style=\"margin-bottom:var(--wp--preset--spacing--40)\">Ofrecer experiencias personalizadas y fluidas en todos los puntos de contacto con el cliente.<\/p>\n\n\n\n<div class=\"wp-block-buttons is-content-justification-center is-layout-flex wp-container-core-buttons-is-layout-a89b3969 wp-block-buttons-is-layout-flex\">\n<div class=\"wp-block-button is-style-fill\"><a class=\"wp-block-button__link wp-element-button\" href=\"https:\/\/devs-llc.com\/es\/industrias\/\">Ver impacto en la industria<\/a><\/div>\n<\/div>\n<\/div>\n<\/div>\n<\/div>\n<\/section>\n\n\n\n<section class=\"wp-block-group alignfull gd-section-wrapper has-global-padding is-layout-constrained wp-block-group-is-layout-constrained\">\n<div class=\"wp-block-group alignfull has-global-padding is-layout-constrained wp-container-core-group-is-layout-e4fd886c wp-block-group-is-layout-constrained\" style=\"border-radius:12px;padding-top:var(--wp--preset--spacing--50);padding-right:var(--wp--preset--spacing--50);padding-bottom:var(--wp--preset--spacing--50);padding-left:var(--wp--preset--spacing--50)\">\n<div class=\"wp-block-columns is-layout-flex wp-container-core-columns-is-layout-d937c506 wp-block-columns-is-layout-flex\" style=\"border-radius:12px\">\n<div class=\"wp-block-column is-vertically-aligned-center is-layout-flow wp-block-column-is-layout-flow\" style=\"flex-basis:50%\">\n<figure class=\"wp-block-image size-full has-custom-border image-radius responsive-image has-slide-in-right has-fade-in has-reveal has-premium-shadow has-hover-zoom\"><img decoding=\"async\" src=\"https:\/\/devs-llc.com\/wp-content\/uploads\/2025\/11\/2219186585.jpg\" alt=\"Imagen CTA\" style=\"border-radius:8px\"\/><\/figure>\n<\/div>\n\n\n\n<div class=\"wp-block-column is-vertically-aligned-center is-layout-flow wp-block-column-is-layout-flow\" style=\"padding-top:var(--wp--preset--spacing--40);padding-right:var(--wp--preset--spacing--40);padding-bottom:var(--wp--preset--spacing--40);padding-left:var(--wp--preset--spacing--40);flex-basis:50%\">\n<h2 class=\"wp-block-heading has-heading-highlight\">Comienza tu historia de \u00e9xito<\/h2>\n\n\n\n<p style=\"padding-bottom:var(--wp--preset--spacing--40)\">\u00bfTe inspiran los logros de nuestros clientes? Ponte en contacto con DEVS LLC para hablar sobre los retos de tu negocio y descubrir c\u00f3mo nuestras soluciones de IA y tecnolog\u00eda pueden generar resultados tangibles para tu organizaci\u00f3n.<\/p>\n\n\n\n<div class=\"wp-block-buttons is-content-justification-left is-layout-flex wp-container-core-buttons-is-layout-1a41cf02 wp-block-buttons-is-layout-flex\">\n<div class=\"wp-block-button is-style-fill has-hover-lift has-hover-shadow has-transition\"><a class=\"wp-block-button__link wp-element-button\" href=\"https:\/\/devs-llc.com\/es\/contacto\/\" style=\"border-radius:8px\">Solicitar una consulta<\/a><\/div>\n<\/div>\n<\/div>\n<\/div>\n<\/div>\n<\/section>","protected":false},"excerpt":{"rendered":"<p>Proven Results Driving Impact Through Innovation Discover how DEVS LLC\u2019s AI and technology solutions empower leading telecom, finance, and retail organizations to achieve measurable success and operational excellence. Portfolio of Success Stories Explore our proven track record in delivering AI-driven transformation across telecom, finance, and retail. Each case study highlights the challenges faced, the tailored [&hellip;]<\/p>\n","protected":false},"author":1,"featured_media":0,"parent":0,"menu_order":0,"comment_status":"closed","ping_status":"closed","template":"","meta":{"_coblocks_attr":"","_coblocks_dimensions":"","_coblocks_responsive_height":"","_coblocks_accordion_ie_support":"","footnotes":""},"class_list":["post-50","page","type-page","status-publish","hentry"],"_links":{"self":[{"href":"https:\/\/devs-llc.com\/es\/wp-json\/wp\/v2\/pages\/50","targetHints":{"allow":["GET"]}}],"collection":[{"href":"https:\/\/devs-llc.com\/es\/wp-json\/wp\/v2\/pages"}],"about":[{"href":"https:\/\/devs-llc.com\/es\/wp-json\/wp\/v2\/types\/page"}],"author":[{"embeddable":true,"href":"https:\/\/devs-llc.com\/es\/wp-json\/wp\/v2\/users\/1"}],"replies":[{"embeddable":true,"href":"https:\/\/devs-llc.com\/es\/wp-json\/wp\/v2\/comments?post=50"}],"version-history":[{"count":3,"href":"https:\/\/devs-llc.com\/es\/wp-json\/wp\/v2\/pages\/50\/revisions"}],"predecessor-version":[{"id":104,"href":"https:\/\/devs-llc.com\/es\/wp-json\/wp\/v2\/pages\/50\/revisions\/104"}],"wp:attachment":[{"href":"https:\/\/devs-llc.com\/es\/wp-json\/wp\/v2\/media?parent=50"}],"curies":[{"name":"wp","href":"https:\/\/api.w.org\/{rel}","templated":true}]}}